{"id":217,"date":"2022-08-08T22:19:48","date_gmt":"2022-08-08T22:19:48","guid":{"rendered":"https:\/\/contenidos.21.edu.ar\/3ra-evaluacion-institucional-coneau\/?page_id=217"},"modified":"2022-08-09T11:53:06","modified_gmt":"2022-08-09T11:53:06","slug":"que-es-la-evaluacion-institucional","status":"publish","type":"page","link":"https:\/\/contenidos.21.edu.ar\/3ra-evaluacion-institucional-coneau\/que-es-la-evaluacion-institucional\/","title":{"rendered":"\u00bfQu\u00e9 es la Evaluaci\u00f3n Institucional?"},"content":{"rendered":"\n<p>La Evaluaci\u00f3n Institucional es un proceso de mejora continua que lleva adelante la Comisi\u00f3n Nacional de Evaluaci\u00f3n y Acreditaci\u00f3n Universitaria (CONEAU) en todas las Universidades del pa\u00eds, seg\u00fan lo establecido en el art\u00edculo 44 de la Ley de Educaci\u00f3n Superior N\u00b024.521.&nbsp;<\/p>\n\n\n\n<p>Este proceso cuenta con dos etapas:<\/p>\n\n\n\n<p><strong>&nbsp;Autoevaluaci\u00f3n:&nbsp;<\/strong><\/p>\n\n\n\n<p>Seg\u00fan la Resoluci\u00f3n N\u00ba 382\/11 <em>\u201clas instituciones universitarias deber\u00e1n asegurar el funcionamiento de instancias internas de evaluaci\u00f3n institucional, las que tienen por objeto el an\u00e1lisis de sus logros y dificultades en el desarrollo de sus funciones\u201d.<\/em><\/p>\n\n\n\n<p>Nuestra Universidad transit\u00f3 el proceso de Autoevaluaci\u00f3n en el a\u00f1o 2021 del que participaron m\u00e1s de 15 mil miembros de nuestra comunidad educativa. Con la informaci\u00f3n relevada, un equipo interdisciplinario redact\u00f3 el Informe de Autoevaluaci\u00f3n para ser presentado ante CONEAU.&nbsp;<\/p>\n\n\n\n<p><strong>Fase de Evaluaci\u00f3n Externa:<\/strong><\/p>\n\n\n\n<p><em>\u201cLa evaluaci\u00f3n externa se realiza con la participaci\u00f3n de pares evaluadores, todos integrantes de la comunidad universitaria. En ella se observa y se valora la conformaci\u00f3n de la instituci\u00f3n universitaria, su organizaci\u00f3n, su funcionamiento, su desarrollo hist\u00f3rico, los procesos, los resultados y su inserci\u00f3n social, es decir, todos aquellos aspectos que permitan la comprensi\u00f3n de la singularidad del proyecto institucional. La evaluaci\u00f3n concluye con la recomendaci\u00f3n de cursos de acci\u00f3n\u201d<\/em> (Resoluci\u00f3n N\u00ba: 382\/11 Criterios y procedimientos para la evaluaci\u00f3n externa).<\/p>\n\n\n\n<p>El resultado de este proceso&nbsp; ser\u00e1 el Informe Final de Evaluaci\u00f3n Institucional que recibiremos por parte del Comit\u00e9 de Pares Evaluadores y CONEAU, el cual contendr\u00e1 la evaluaci\u00f3n as\u00ed como recomendaciones y sugerencias para continuar mejorando la calidad de nuestro programa acad\u00e9mico.<\/p>\n\n\n\n<p>Para m\u00e1s informaci\u00f3n ingres\u00e1 en:<\/p>\n\n\n\n<p><a href=\"https:\/\/www.coneau.gob.ar\/coneau\/evaluacion-institucional\/\">https:\/\/www.coneau.gob.ar\/coneau\/evaluacion-institucional\/<\/a><\/p>\n","protected":false},"excerpt":{"rendered":"La Evaluaci\u00f3n Institucional es un proceso de mejora continua que lleva adelante la Comisi\u00f3n Nacional de Evaluaci\u00f3n y Acreditaci\u00f3n Universitaria (CONEAU) en todas las Universidades del pa\u00eds, seg\u00fan lo establecido en el art\u00edculo 44 de la Ley de Educaci\u00f3n Superior N\u00b024.521.&nbsp; Este proceso cuenta con dos etapas: &nbsp;Autoevaluaci\u00f3n:&nbsp; Seg\u00fan la Resoluci\u00f3n N\u00ba 382\/11 \u201clas instituciones&#8230; <a class=\"view-article\" href=\"https:\/\/contenidos.21.edu.ar\/3ra-evaluacion-institucional-coneau\/que-es-la-evaluacion-institucional\/\">Ver m\u00e1s<\/a>","protected":false},"author":1,"featured_media":0,"parent":0,"menu_order":0,"comment_status":"closed","ping_status":"closed","template":"template-standard.php","meta":[],"_links":{"self":[{"href":"https:\/\/contenidos.21.edu.ar\/3ra-evaluacion-institucional-coneau\/wp-json\/wp\/v2\/pages\/217"}],"collection":[{"href":"https:\/\/contenidos.21.edu.ar\/3ra-evaluacion-institucional-coneau\/wp-json\/wp\/v2\/pages"}],"about":[{"href":"https:\/\/contenidos.21.edu.ar\/3ra-evaluacion-institucional-coneau\/wp-json\/wp\/v2\/types\/page"}],"author":[{"embeddable":true,"href":"https:\/\/contenidos.21.edu.ar\/3ra-evaluacion-institucional-coneau\/wp-json\/wp\/v2\/users\/1"}],"replies":[{"embeddable":true,"href":"https:\/\/contenidos.21.edu.ar\/3ra-evaluacion-institucional-coneau\/wp-json\/wp\/v2\/comments?post=217"}],"version-history":[{"count":1,"href":"https:\/\/contenidos.21.edu.ar\/3ra-evaluacion-institucional-coneau\/wp-json\/wp\/v2\/pages\/217\/revisions"}],"predecessor-version":[{"id":218,"href":"https:\/\/contenidos.21.edu.ar\/3ra-evaluacion-institucional-coneau\/wp-json\/wp\/v2\/pages\/217\/revisions\/218"}],"wp:attachment":[{"href":"https:\/\/contenidos.21.edu.ar\/3ra-evaluacion-institucional-coneau\/wp-json\/wp\/v2\/media?parent=217"}],"curies":[{"name":"wp","href":"https:\/\/api.w.org\/{rel}","templated":true}]}}