{"id":694,"date":"2020-07-29T20:18:11","date_gmt":"2020-07-29T20:18:11","guid":{"rendered":"http:\/\/contenidos.21.edu.ar\/catalogo-de-arte\/?page_id=694"},"modified":"2025-05-19T11:42:36","modified_gmt":"2025-05-19T11:42:36","slug":"home-2","status":"publish","type":"page","link":"https:\/\/contenidos.21.edu.ar\/catalogo-de-arte\/","title":{"rendered":"Home"},"content":{"rendered":"\n[vc_row][vc_column][vc_single_image image=\u00bb743&#8243; img_size=\u00bbfull\u00bb alignment=\u00bbcenter\u00bb][vc_row_inner][vc_column_inner][vc_separator][vc_column_text]\n<p dir=\"ltr\">La Colecci\u00f3n de Arte de la Universidad cuenta hoy con m\u00e1s de 300 obras de car\u00e1cter regional y plural de reconocidos artistas nacionales e internacionales, es parte de nuestra esencia y patrimonio cultural. Creemos en el arte como expresi\u00f3n fundamental de la humanidad e incorporamos esta concepci\u00f3n en los procesos de aprendizaje de nuestros estudiantes, convencidos de que promueve valores inherentes a seres libres, respetuosos de la diversidad.<\/p>\n[\/vc_column_text]<div id=\"ultimate-heading-111569ea4e1ad1c09\" class=\"uvc-heading ult-adjust-bottom-margin ultimate-heading-111569ea4e1ad1c09 uvc-5038 \" data-hspacer=\"no_spacer\"  data-halign=\"center\" style=\"text-align:center\"><div class=\"uvc-heading-spacer no_spacer\" style=\"top\"><\/div><div class=\"uvc-main-heading ult-responsive\"  data-ultimate-target='.uvc-heading.ultimate-heading-111569ea4e1ad1c09 h2'  data-responsive-json-new='{\"font-size\":\"\",\"line-height\":\"\"}' ><h2 style=\"font-weight:bold;margin-top:30px;margin-bottom:40px;\">Conoc\u00e9 nuestra colecci\u00f3n de obras completa<\/h2><\/div><\/div>[\/vc_column_inner][\/vc_row_inner][\/vc_column][\/vc_row]\n\n\n\n<p>[vc_row][vc_column][vc_basic_grid post_type=\u00bbdt_portfolio\u00bb max_items=\u00bb150&#8243; style=\u00bbload-more\u00bb items_per_page=\u00bb12&#8243; item=\u00bbbasicGrid_VerticalFlip\u00bb grid_id=\u00bbvc_gid:1648816868159-1a040d12-dcd0-6&#8243;][\/vc_column][\/vc_row]<\/p>\n","protected":false},"excerpt":{"rendered":"<p>[vc_row][vc_column][vc_single_image image=\u00bb743&#8243; img_size=\u00bbfull\u00bb alignment=\u00bbcenter\u00bb][vc_row_inner][vc_column_inner][vc_separator][vc_column_text] La Colecci\u00f3n de Arte de la Universidad cuenta hoy con m\u00e1s de 300 obras de car\u00e1cter regional y plural de reconocidos artistas nacionales e internacionales, es parte de nuestra esencia y patrimonio cultural. Creemos en el arte como expresi\u00f3n fundamental de la humanidad e incorporamos esta concepci\u00f3n en los procesos de&hellip;<\/p>\n","protected":false},"author":1,"featured_media":0,"parent":0,"menu_order":0,"comment_status":"closed","ping_status":"closed","template":"","meta":[],"_links":{"self":[{"href":"https:\/\/contenidos.21.edu.ar\/catalogo-de-arte\/wp-json\/wp\/v2\/pages\/694"}],"collection":[{"href":"https:\/\/contenidos.21.edu.ar\/catalogo-de-arte\/wp-json\/wp\/v2\/pages"}],"about":[{"href":"https:\/\/contenidos.21.edu.ar\/catalogo-de-arte\/wp-json\/wp\/v2\/types\/page"}],"author":[{"embeddable":true,"href":"https:\/\/contenidos.21.edu.ar\/catalogo-de-arte\/wp-json\/wp\/v2\/users\/1"}],"replies":[{"embeddable":true,"href":"https:\/\/contenidos.21.edu.ar\/catalogo-de-arte\/wp-json\/wp\/v2\/comments?post=694"}],"version-history":[{"count":47,"href":"https:\/\/contenidos.21.edu.ar\/catalogo-de-arte\/wp-json\/wp\/v2\/pages\/694\/revisions"}],"predecessor-version":[{"id":1171,"href":"https:\/\/contenidos.21.edu.ar\/catalogo-de-arte\/wp-json\/wp\/v2\/pages\/694\/revisions\/1171"}],"wp:attachment":[{"href":"https:\/\/contenidos.21.edu.ar\/catalogo-de-arte\/wp-json\/wp\/v2\/media?parent=694"}],"curies":[{"name":"wp","href":"https:\/\/api.w.org\/{rel}","templated":true}]}}